{"id":12,"date":"2021-05-12T15:51:33","date_gmt":"2021-05-12T13:51:33","guid":{"rendered":"http:\/\/aids.naturalneleczenie.com.pl\/?page_id=12"},"modified":"2022-08-28T22:32:51","modified_gmt":"2022-08-28T20:32:51","slug":"aspiryna","status":"publish","type":"page","link":"https:\/\/aids.naturalneleczenie.com.pl\/index.php\/aspiryna\/","title":{"rendered":"Aspiryna"},"content":{"rendered":"\n<p>Do\u015b\u0107 kontrowersyjny &#8222;suplement&#8221;. Swego czasu opublikowano badanie, z kt\u00f3rego wynika\u0142o, \u017ce aspiryna doskonale leczy chorob\u0119. Tak, dos\u0142ownie leczy! Prowadzi\u0142a je mi\u0119dzy innymi jaka\u015b kobieta o polskim nazwisku. Nie do\u015b\u0107, \u017ce wynik CD4 podni\u00f3s\u0142 si\u0119 o 400, to na dodatek cz\u0119\u015b\u0107 pacjent\u00f3w sta\u0142a si\u0119&nbsp;seronegatywna! Pytanie brzmi, czy to badanie naprawd\u0119 zosta\u0142o przeprowadzone? Na pewno by\u0142o opisane w czasopismach naukowych kilka lat temu, ale dzi\u015b ju\u017c nie jestem go w stanie znale\u017a\u0107. Mo\u017ce zosta\u0142o sfabrykowane na polecenie jednego z rz\u0105d\u00f3w w Afryce, gdy tamtejsi lokalni despoci pr\u00f3bowali na si\u0142\u0119 udowodni\u0107, \u017ce AIDS nie istnieje? Ci\u0119\u017cko powiedzie\u0107.<\/p>\n\n\n\n<p>Mamy za to takie co\u015b:<\/p>\n\n\n\n<p><a href=\"https:\/\/www.researchgate.net\/publication\/23939624_Selenium_and_aspirin_in_people_living_with_HIV_and_AIDS_in_Nigeria\">https:\/\/www.researchgate.net\/publication\/23939624_Selenium_and_aspirin_in_people_living_with_HIV_and_AIDS_in_Nigeria<\/a><\/p>\n\n\n\n<p>W bardzo niewielkim, s\u0142abo przeprowadzonym badaniu aspiryna nie da\u0142a specjalnie du\u017cych rezultat\u00f3w. Poziom CD4 co prawda podni\u00f3s\u0142 si\u0119, ale w bardzo niewielkim stopniu. <\/p>\n\n\n\n<p><a href=\"https:\/\/www.ncbi.nlm.nih.gov\/pmc\/articles\/PMC5414028\/\">https:\/\/www.ncbi.nlm.nih.gov\/pmc\/articles\/PMC5414028\/<\/a><\/p>\n\n\n\n<p>W tym du\u017co powa\u017cniej wygl\u0105daj\u0105cym badaniu r\u00f3wnie\u017c nie by\u0142o du\u017cego efektu. Niestety, trwa\u0142o tylko 3 miesi\u0105ce, ale to powinno wystarczy\u0107 do wywo\u0142ania efektu, je\u015bli badanie z Afryki nie by\u0142o zafa\u0142szowane. <\/p>\n\n\n\n<p>Podsumowuj\u0105c, wszystko wskazuje na to, \u017ce aspiryna nie jest &#8222;srebrn\u0105 kul\u0105&#8221; mog\u0105c\u0105 ratowa\u0107 przed rozwojem AIDS, a badanie, kt\u00f3re zrodzi\u0142o kontrowersje, zosta\u0142o sfa\u0142szowane. <\/p>\n\n\n\n<p>Jest te\u017c oczywi\u015bcie mo\u017cliwo\u015b\u0107, \u017ce zafa\u0142szowane by\u0142y badania p\u00f3\u017aniejsze, gdyby okaza\u0142o si\u0119, \u017ce aspiryna dzia\u0142a, najbogatsi i najbardziej bezwzgl\u0119dni ludzie na tej planecie by zbankrutowali, a mo\u017ce nawet trafili do wi\u0119zienia, bo taki dow\u00f3d dos\u0142ownie zachwia\u0142by porz\u0105dkiem \u015bwiata. <\/p>\n","protected":false},"excerpt":{"rendered":"<p>Do\u015b\u0107 kontrowersyjny &#8222;suplement&#8221;. Swego czasu opublikowano badanie, z kt\u00f3rego wynika\u0142o, \u017ce aspiryna doskonale leczy chorob\u0119. Tak, dos\u0142ownie leczy! Prowadzi\u0142a je mi\u0119dzy innymi jaka\u015b kobieta o polskim nazwisku. Nie do\u015b\u0107, \u017ce wynik CD4 podni\u00f3s\u0142 si\u0119 o 400, to na dodatek cz\u0119\u015b\u0107 pacjent\u00f3w sta\u0142a si\u0119&nbsp;seronegatywna! Pytanie brzmi, czy to badanie naprawd\u0119 zosta\u0142o przeprowadzone? Na pewno by\u0142o opisane &#8230; <a title=\"Aspiryna\" class=\"read-more\" href=\"https:\/\/aids.naturalneleczenie.com.pl\/index.php\/aspiryna\/\" aria-label=\"Dowiedz si\u0119 wi\u0119cej o Aspiryna\">Dowiedz si\u0119 wi\u0119cej<\/a><\/p>\n","protected":false},"author":1,"featured_media":0,"parent":0,"menu_order":0,"comment_status":"closed","ping_status":"closed","template":"","meta":{"footnotes":""},"class_list":["post-12","page","type-page","status-publish"],"_links":{"self":[{"href":"https:\/\/aids.naturalneleczenie.com.pl\/index.php\/wp-json\/wp\/v2\/pages\/12","targetHints":{"allow":["GET"]}}],"collection":[{"href":"https:\/\/aids.naturalneleczenie.com.pl\/index.php\/wp-json\/wp\/v2\/pages"}],"about":[{"href":"https:\/\/aids.naturalneleczenie.com.pl\/index.php\/wp-json\/wp\/v2\/types\/page"}],"author":[{"embeddable":true,"href":"https:\/\/aids.naturalneleczenie.com.pl\/index.php\/wp-json\/wp\/v2\/users\/1"}],"replies":[{"embeddable":true,"href":"https:\/\/aids.naturalneleczenie.com.pl\/index.php\/wp-json\/wp\/v2\/comments?post=12"}],"version-history":[{"count":4,"href":"https:\/\/aids.naturalneleczenie.com.pl\/index.php\/wp-json\/wp\/v2\/pages\/12\/revisions"}],"predecessor-version":[{"id":74,"href":"https:\/\/aids.naturalneleczenie.com.pl\/index.php\/wp-json\/wp\/v2\/pages\/12\/revisions\/74"}],"wp:attachment":[{"href":"https:\/\/aids.naturalneleczenie.com.pl\/index.php\/wp-json\/wp\/v2\/media?parent=12"}],"curies":[{"name":"wp","href":"https:\/\/api.w.org\/{rel}","templated":true}]}}