{"id":17,"date":"2021-05-12T16:22:12","date_gmt":"2021-05-12T14:22:12","guid":{"rendered":"http:\/\/aids.naturalneleczenie.com.pl\/?page_id=17"},"modified":"2023-01-08T17:05:06","modified_gmt":"2023-01-08T16:05:06","slug":"cynk-i-selen","status":"publish","type":"page","link":"https:\/\/aids.naturalneleczenie.com.pl\/index.php\/cynk-i-selen\/","title":{"rendered":"Cynk i selen"},"content":{"rendered":"\n<p>Z infekcj\u0105 HIV wi\u0105\u017ce si\u0119 wiele niedobor\u00f3w \u017cywieniowych, ale cynk i selen spadaj\u0105 tak drastycznie, a ich wp\u0142yw na odporno\u015b\u0107 jest tak du\u017cy, \u017ce wymagaj\u0105 oddzielnego rozdzia\u0142u.<\/p>\n\n\n\n<p>Mog\u0142oby si\u0119 wydawa\u0107, \u017ce nauka rzuci si\u0119 na to jak g\u0142oduj\u0105cy pies na ko\u015b\u0107, mamy pierwiastki, kt\u00f3rych g\u0142\u00f3wna rola w organizmie to zwalczanie wirus\u00f3w, mamy dow\u00f3d, \u017ce ich poziom spada wraz z post\u0119pem powa\u017cnej choroby wirusowej. Powinno pojawi\u0107 si\u0119 ju\u017c kilkaset bada\u0144, analizuj\u0105cych czy to skutek, czy przyczyna, czy powinno si\u0119 prowadzi\u0107 suplementacj\u0119, jakimi dawkami. <\/p>\n\n\n\n<p>Mamy jedynie pojedyncze pr\u00f3by kliniczne, ale z nich mo\u017cna wyci\u0105gn\u0105\u0107 ciekawe wnioski. <\/p>\n\n\n\n<p><a href=\"https:\/\/www.ncbi.nlm.nih.gov\/pmc\/articles\/PMC2874106\/\">https:\/\/www.ncbi.nlm.nih.gov\/pmc\/articles\/PMC2874106\/<\/a><\/p>\n\n\n\n<p>Nie podano dok\u0142adnych warto\u015bci pocz\u0105tkowych i po zako\u0144czeniu pr\u00f3by klinicznej, niemniej chorzy dostaj\u0105cy tabletki z cynkiem mieli 4 razy ni\u017csze ryzyko spadku poziomu CD4 poni\u017cej 200.<\/p>\n\n\n\n<p>W ko\u0144cu w 2015 wykonano pr\u00f3b\u0119 kliniczn\u0105, gdzie sprawdzono wp\u0142yw cynku na poziom limfocyt\u00f3w CD4:<\/p>\n\n\n\n<p><a href=\"https:\/\/www.omicsonline.org\/open-access\/the-effect-of-zinc-sulphate-on-the-increase-of-cd4-t-lymphocytes-in-hivaids-patients-2168-9652-S5-003.php?aid=58827\">https:\/\/www.omicsonline.org\/open-access\/the-effect-of-zinc-sulphate-on-the-increase-of-cd4-t-lymphocytes-in-hivaids-patients-2168-9652-S5-003.php?aid=58827<\/a><\/p>\n\n\n\n<p>W grupie placebo wyniki by\u0142y do przewidzenia, spadek poziomu limfocyt\u00f3w CD4, z 526 na 503. Ale w grupie pacjent\u00f3w, kt\u00f3rzy otrzymali cynk, wzr\u00f3s\u0142 z 342 do 414! Choroba si\u0119&nbsp;cofn\u0119\u0142a! Nie jest to du\u017ca zmiana, ale co, je\u015bli taki trend mia\u0142by si\u0119 utrzymywa\u0107? Terapia ARV mia\u0142aby si\u0119 okaza\u0107 niepotrzebna? <\/p>\n\n\n\n<p>Suplementacja nie jest tak prost\u0105 spraw\u0105, jak mog\u0142oby si\u0119 wydawa\u0107. Polecam przeczyta\u0107 ca\u0142y artyku\u0142 na ten temat:<\/p>\n\n\n\n<p><a href=\"https:\/\/naturalneleczenie.com.pl\/2018\/02\/15\/uzupelnianie-cynku\/\">https:\/\/naturalneleczenie.com.pl\/2018\/02\/15\/uzupelnianie-cynku\/<\/a><\/p>\n\n\n\n<p>Wersja angloj\u0119zyczna:<\/p>\n\n\n\n<p><a href=\"https:\/\/healthytreatment.org\/2022\/02\/04\/zinc-supplementation\/\">https:\/\/healthytreatment.org\/2022\/02\/04\/zinc-supplementation\/<\/a><\/p>\n\n\n\n<p>Selen nie da\u0142 a\u017c tak dobrych wynik\u00f3w, niemniej da si\u0119 stwierdzi\u0107, \u017ce niedobory wyst\u0119puj\u0105 u chorych masowo, osoby z niedoborem maj\u0105 szybszy rozw\u00f3j choroby i wy\u017csze ryzyko infekcji oportunistycznych, a suplementacja bardzo pozytywnie wp\u0142ywa na stan ich zdrowia:<\/p>\n\n\n\n<p><a href=\"https:\/\/www.ncbi.nlm.nih.gov\/pmc\/articles\/PMC3892587\/\">https:\/\/www.ncbi.nlm.nih.gov\/pmc\/articles\/PMC3892587\/<\/a><\/p>\n\n\n\n<p>Tu suplementacja jest ju\u017c prostsza, przez pierwsze kilka tygodni, do 2 miesi\u0119cy bierze si\u0119 200-300 mcg selenu dziennie, co pozwala wysyci\u0107 organizm i uzupe\u0142ni\u0107 niedobory, a jednocze\u015bnie nie niesie ryzyka zatrucia (jest poni\u017cej dopuszczalnego g\u00f3rnego limitu). Potem zmniejsza si\u0119 dawk\u0119 do 50-100 mcg. <\/p>\n\n\n\n<p>Mo\u017cna powiedzie\u0107, \u017ce suplementacja tymi dwoma pierwiastkami to najprostsza, a jednocze\u015bnie przynosz\u0105ca najwi\u0119cej korzy\u015bci rzecz, jak\u0105 mo\u017ce zrobi\u0107 chory. Jakbym mia\u0142 poleci\u0107 jedn\u0105 jedyn\u0105 rzecz, by\u0142by to w\u0142a\u015bnie suplement \u0142\u0105cz\u0105cy cynk i selen. Trzeba jednak koniecznie pami\u0119ta\u0107 o pu\u0142apce, jak\u0105 jest ucieczka miedzi z organizmu. Dlatego w\u0142a\u015bnie cz\u0119\u015b\u0107 os\u00f3b suplementuj\u0105cych cynk po pewnym czasie mia\u0142a pogorszenie objaw\u00f3w, zamiast poprawy. <\/p>\n","protected":false},"excerpt":{"rendered":"<p>Z infekcj\u0105 HIV wi\u0105\u017ce si\u0119 wiele niedobor\u00f3w \u017cywieniowych, ale cynk i selen spadaj\u0105 tak drastycznie, a ich wp\u0142yw na odporno\u015b\u0107 jest tak du\u017cy, \u017ce wymagaj\u0105 oddzielnego rozdzia\u0142u. Mog\u0142oby si\u0119 wydawa\u0107, \u017ce nauka rzuci si\u0119 na to jak g\u0142oduj\u0105cy pies na ko\u015b\u0107, mamy pierwiastki, kt\u00f3rych g\u0142\u00f3wna rola w organizmie to zwalczanie wirus\u00f3w, mamy dow\u00f3d, \u017ce ich &#8230; <a title=\"Cynk i selen\" class=\"read-more\" href=\"https:\/\/aids.naturalneleczenie.com.pl\/index.php\/cynk-i-selen\/\" aria-label=\"Dowiedz si\u0119 wi\u0119cej o Cynk i selen\">Dowiedz si\u0119 wi\u0119cej<\/a><\/p>\n","protected":false},"author":1,"featured_media":0,"parent":0,"menu_order":0,"comment_status":"closed","ping_status":"closed","template":"","meta":{"footnotes":""},"class_list":["post-17","page","type-page","status-publish"],"_links":{"self":[{"href":"https:\/\/aids.naturalneleczenie.com.pl\/index.php\/wp-json\/wp\/v2\/pages\/17","targetHints":{"allow":["GET"]}}],"collection":[{"href":"https:\/\/aids.naturalneleczenie.com.pl\/index.php\/wp-json\/wp\/v2\/pages"}],"about":[{"href":"https:\/\/aids.naturalneleczenie.com.pl\/index.php\/wp-json\/wp\/v2\/types\/page"}],"author":[{"embeddable":true,"href":"https:\/\/aids.naturalneleczenie.com.pl\/index.php\/wp-json\/wp\/v2\/users\/1"}],"replies":[{"embeddable":true,"href":"https:\/\/aids.naturalneleczenie.com.pl\/index.php\/wp-json\/wp\/v2\/comments?post=17"}],"version-history":[{"count":7,"href":"https:\/\/aids.naturalneleczenie.com.pl\/index.php\/wp-json\/wp\/v2\/pages\/17\/revisions"}],"predecessor-version":[{"id":87,"href":"https:\/\/aids.naturalneleczenie.com.pl\/index.php\/wp-json\/wp\/v2\/pages\/17\/revisions\/87"}],"wp:attachment":[{"href":"https:\/\/aids.naturalneleczenie.com.pl\/index.php\/wp-json\/wp\/v2\/media?parent=17"}],"curies":[{"name":"wp","href":"https:\/\/api.w.org\/{rel}","templated":true}]}}