{"id":23,"date":"2021-05-12T16:53:38","date_gmt":"2021-05-12T14:53:38","guid":{"rendered":"http:\/\/aids.naturalneleczenie.com.pl\/?page_id=23"},"modified":"2022-08-28T22:37:49","modified_gmt":"2022-08-28T20:37:49","slug":"pozostale-witaminy-i-mineraly","status":"publish","type":"page","link":"https:\/\/aids.naturalneleczenie.com.pl\/index.php\/pozostale-witaminy-i-mineraly\/","title":{"rendered":"Pozosta\u0142e witaminy i minera\u0142y"},"content":{"rendered":"\n<p>Infekcja wi\u0105\u017ce si\u0119&nbsp;z wieloma niedoborami, ale wi\u0119kszo\u015b\u0107 z nich ma marginalne znaczenie. Multiwitaminy z regu\u0142y nie daj\u0105 wyra\u017anych efekt\u00f3w. Kt\u00f3rymi mo\u017cna si\u0119 zainteresowa\u0107?<\/p>\n\n\n\n<p><a href=\"https:\/\/niedobory.naturalneleczenie.com.pl\/witamina-b1\/\">Tiamina, czyli witamina B1<\/a>. Niedobory spotyka si\u0119 do\u015b\u0107\u00a0cz\u0119sto, nawet w\u015br\u00f3d pacjent\u00f3w bez objaw\u00f3w, a niski poziom ma fatalny wp\u0142yw na w\u0105trob\u0119 i na prace m\u00f3zgu.<\/p>\n\n\n\n<p><a href=\"https:\/\/pubmed.ncbi.nlm.nih.gov\/10634924\/\">https:\/\/pubmed.ncbi.nlm.nih.gov\/10634924\/<\/a><\/p>\n\n\n\n<p>Niacyna, gdy\u017c pozwala wyregulowa\u0107 poziom cholesterolu, a niekt\u00f3rzy naukowcy postuluj\u0105, \u017ce mo\u017ce mie\u0107 bardzo wyra\u017any, pozytywny wp\u0142yw na przebieg samej infekcji.<\/p>\n\n\n\n<p><a href=\"https:\/\/pubmed.ncbi.nlm.nih.gov\/10616035\/\">https:\/\/pubmed.ncbi.nlm.nih.gov\/10616035\/<\/a><\/p>\n\n\n\n<p>Witamina E, z uwagi na jej ni\u017cszy poziom u chorych szczeg\u00f3lnie podczas terapii antyretrowirusowej oraz mo\u017cliwo\u015b\u0107 \u0142agodzenia stan\u00f3w zapalnych.<\/p>\n\n\n\n<p><a href=\"https:\/\/www.ncbi.nlm.nih.gov\/pmc\/articles\/PMC4179180\/\">https:\/\/www.ncbi.nlm.nih.gov\/pmc\/articles\/PMC4179180\/<\/a><\/p>\n\n\n\n<p>Witamina A, z uwagi na cz\u0119ste niedobory w\u015br\u00f3d chorych<\/p>\n\n\n\n<p><a href=\"https:\/\/journals.sagepub.com\/doi\/pdf\/10.1177\/156482650102200303\">https:\/\/journals.sagepub.com\/doi\/pdf\/10.1177\/156482650102200303<\/a><\/p>\n\n\n\n<p>Magnez, z uwagi na ni\u017cszy poziom u chorych, kt\u00f3ry spada wraz z post\u0119pem choroby, a tak\u017ce rol\u0119 ochronn\u0105 magnezu w schorzeniach serca<\/p>\n\n\n\n<p><a href=\"https:\/\/www.researchgate.net\/publication\/287861599_Magnesium_in_HIV_infection\">https:\/\/www.researchgate.net\/publication\/287861599_Magnesium_in_HIV_infection<\/a><\/p>\n","protected":false},"excerpt":{"rendered":"<p>Infekcja wi\u0105\u017ce si\u0119&nbsp;z wieloma niedoborami, ale wi\u0119kszo\u015b\u0107 z nich ma marginalne znaczenie. Multiwitaminy z regu\u0142y nie daj\u0105 wyra\u017anych efekt\u00f3w. Kt\u00f3rymi mo\u017cna si\u0119 zainteresowa\u0107? Tiamina, czyli witamina B1. Niedobory spotyka si\u0119 do\u015b\u0107\u00a0cz\u0119sto, nawet w\u015br\u00f3d pacjent\u00f3w bez objaw\u00f3w, a niski poziom ma fatalny wp\u0142yw na w\u0105trob\u0119 i na prace m\u00f3zgu. https:\/\/pubmed.ncbi.nlm.nih.gov\/10634924\/ Niacyna, gdy\u017c pozwala wyregulowa\u0107 poziom cholesterolu, &#8230; <a title=\"Pozosta\u0142e witaminy i minera\u0142y\" class=\"read-more\" href=\"https:\/\/aids.naturalneleczenie.com.pl\/index.php\/pozostale-witaminy-i-mineraly\/\" aria-label=\"Dowiedz si\u0119 wi\u0119cej o Pozosta\u0142e witaminy i minera\u0142y\">Dowiedz si\u0119 wi\u0119cej<\/a><\/p>\n","protected":false},"author":1,"featured_media":0,"parent":0,"menu_order":0,"comment_status":"closed","ping_status":"closed","template":"","meta":{"footnotes":""},"class_list":["post-23","page","type-page","status-publish"],"_links":{"self":[{"href":"https:\/\/aids.naturalneleczenie.com.pl\/index.php\/wp-json\/wp\/v2\/pages\/23","targetHints":{"allow":["GET"]}}],"collection":[{"href":"https:\/\/aids.naturalneleczenie.com.pl\/index.php\/wp-json\/wp\/v2\/pages"}],"about":[{"href":"https:\/\/aids.naturalneleczenie.com.pl\/index.php\/wp-json\/wp\/v2\/types\/page"}],"author":[{"embeddable":true,"href":"https:\/\/aids.naturalneleczenie.com.pl\/index.php\/wp-json\/wp\/v2\/users\/1"}],"replies":[{"embeddable":true,"href":"https:\/\/aids.naturalneleczenie.com.pl\/index.php\/wp-json\/wp\/v2\/comments?post=23"}],"version-history":[{"count":4,"href":"https:\/\/aids.naturalneleczenie.com.pl\/index.php\/wp-json\/wp\/v2\/pages\/23\/revisions"}],"predecessor-version":[{"id":80,"href":"https:\/\/aids.naturalneleczenie.com.pl\/index.php\/wp-json\/wp\/v2\/pages\/23\/revisions\/80"}],"wp:attachment":[{"href":"https:\/\/aids.naturalneleczenie.com.pl\/index.php\/wp-json\/wp\/v2\/media?parent=23"}],"curies":[{"name":"wp","href":"https:\/\/api.w.org\/{rel}","templated":true}]}}