{"id":5,"date":"2021-05-12T15:00:11","date_gmt":"2021-05-12T13:00:11","guid":{"rendered":"http:\/\/aids.naturalneleczenie.com.pl\/?page_id=5"},"modified":"2023-01-09T21:58:44","modified_gmt":"2023-01-09T20:58:44","slug":"aids","status":"publish","type":"page","link":"https:\/\/aids.naturalneleczenie.com.pl\/","title":{"rendered":"AIDS"},"content":{"rendered":"\n<p>D\u0142ugo zastanawia\u0142em si\u0119, czy tworzy\u0107 witryn\u0119 po\u015bwi\u0119con\u0105 AIDS. Nie jest to \u0142atwy temat. Zbyt mocno kojarzy si\u0119&nbsp;z oszo\u0142omstwem i teoriami spiskowymi, niewielu osobom te\u017c wiadomo\u015bci, kt\u00f3re tu przeka\u017c\u0119, pomog\u0105, bo i niewiele os\u00f3b zechce z nich skorzysta\u0107. Ale s\u0142ysza\u0142em o przynajmniej jednej, kt\u00f3rej witryna uratowa\u0142aby \u017cycie. Cz\u0142owiek, kt\u00f3ry zabi\u0142 si\u0119, pr\u00f3buj\u0105c przetestowa\u0107 na sobie niebezpieczne terapie alt-medowe. Dzi\u0119ki stronce takiej jak ta m\u00f3g\u0142by skupi\u0107&nbsp;si\u0119 na tych, kt\u00f3re maj\u0105&nbsp;szans\u0119 zadzia\u0142a\u0107, zamiast wierzy\u0107 <a href=\"https:\/\/mity.naturalneleczenie.com.pl\/\">szarlatanom<\/a>. <\/p>\n\n\n\n<p>Od razu podkre\u015bl\u0119, \u017ce NIE jest to witryna zniech\u0119caj\u0105ce do oficjalnej terapii. Przes\u0142anie brzmi raczej &#8222;leki antyretrowirusowe to nie wszystko, jest wiele innych rzeczy, kt\u00f3re mo\u017cna zrobi\u0107 dla poprawy swojego zrobia OPR\u00d3CZ nich&#8221;. <\/p>\n\n\n<div class=\"wp-block-image\">\n<figure class=\"aligncenter\"><img decoding=\"async\" src=\"https:\/\/live.staticflickr.com\/4017\/4375937402_a23c523d50_b.jpg\" alt=\"AIDS Awareness\"\/><figcaption class=\"wp-element-caption\">&#8222;AIDS Awareness&#8221;&nbsp;by sassy mom&nbsp;is licensed with CC BY-NC 2.0.<\/figcaption><\/figure>\n<\/div>\n\n\n<p>Odstawianie lek\u00f3w jest bardzo niebezpieczne, powoduje nag\u0142y spadek poziomu limfocyt\u00f3w CD4 co mo\u017ce w konsekwencji prowadzi\u0107 nawet do \u015bmierci. <a href=\"https:\/\/healthytreatment.org\/2022\/08\/04\/which-supplements-are-worth-taking-to-prevent-diseases\/\">Suplementy<\/a> jak najbardziej mo\u017cna, ba, powinno si\u0119 wykorzystywa\u0107, \u017ceby odwlec w czasie konieczno\u015b\u0107\u00a0si\u0119gni\u0119cia po ARV, a tak\u017ce \u017ceby podnie\u015b\u0107 og\u00f3lny standard \u017cycia i zmniejszy\u0107 ryzyko dodatkowych infekcji, ale na tym ko\u0144czy si\u0119 ich zadanie. <\/p>\n\n\n\n<p>Nie wolno ufa\u0107 pojedynczym badaniom, to, \u017ce jaki\u015b naukowiec przedstawia dowody na dzia\u0142anie powiedzmy cynku nie oznacza, \u017ce ten cynk naprawd\u0119 zadzia\u0142a. Czasami tego typu dowody s\u0105 z r\u00f3\u017cnych powod\u00f3w fabrykowane. Dopiero gdy kilka niezale\u017cnych o\u015brodk\u00f3w potwierdzi wyniki, mo\u017cna m\u00f3wi\u0107 o nowej terapii.<\/p>\n\n\n\n<p>Tutaj niestety dostajemy lekcj\u0119&nbsp;bezlitosnej, nieludzkiej ekonomii. Badania kosztuj\u0105. \u017beby jaki\u015b koncern wy\u0142o\u017cy\u0142 na co\u015b pieni\u0105dze, musi mie\u0107 perspektyw\u0119 zarobku. Nie istnieje mo\u017cliwo\u015b\u0107&nbsp;obj\u0119cia patentem cynku, nikt wi\u0119c nie zap\u0142aci za pr\u00f3by kliniczne. A to oznacza, \u017ce tak naprawd\u0119 nigdy nie dowiemy si\u0119 na 100%, czy on dzia\u0142a. <\/p>\n\n\n\n<p>Opisa\u0142em na witrynie wiele terapii, z kt\u00f3rych ka\u017cda mia\u0142a marginalny zaledwie wp\u0142yw na przebieg choroby. Cz\u0119\u015b\u0107 z nich spowolni\u0142a spadek CD4, cz\u0119\u015b\u0107 delikatnie je podnios\u0142a. Ale na to trzeba patrze\u0107 troch\u0119 szerzej.<\/p>\n\n\n\n<p>Po pierwsze, sam poziom CD4 to nie wszystko, korekta niedoboru poprawia samopoczucie, zmniejsza ryzyko infekcji oportunistycznych, a tak\u017ce zabezpiecza przed chorobami wynikaj\u0105cymi z takich niedobor\u00f3w, <a href=\"https:\/\/nowotwory.naturalneleczenie.com.pl\/\">nawet przed nowotworami<\/a>.<\/p>\n\n\n\n<p>Po drugie, to prawda, \u017ce ka\u017cda z terapii dawa\u0142a tylko niewielki efekt. Ale co, gdy zastosuje si\u0119 kilka naraz? W medycynie mamy cz\u0119sto do czynienia ze zjawiskiem synergii, gdy dwa pozornie s\u0142abe czynniki, je\u015bli dzia\u0142aj\u0105 jednocze\u015bnie, pot\u0119guj\u0105 sw\u00f3j efekt, czasem wielokrotnie. Co oznacza, \u017ce je\u015bli jedna rzecz podnosi poziom CD4 powiedzmy o 10, druga te\u017c o 10, to zastosowanie obu naraz mo\u017ce podnie\u015b\u0107 nie o 20, ale nawet o 200. Organizm dzia\u0142a tylko tak sprawnie, jak mu na to pozwala najs\u0142absze ogniwo. W\u0142a\u015bciwie prowadzona terapia stara si\u0119 uderzy\u0107 we wszystkie s\u0142abe ogniwa, nie tylko w jedno.<\/p>\n\n\n\n<p>W przypadku jakichkolwiek w\u0105tpliwo\u015bci zapraszam na forum:<\/p>\n\n\n\n<p><a href=\"https:\/\/zdrowiej.vegie.pl\/\">https:\/\/zdrowiej.vegie.pl\/<\/a><\/p>\n\n\n\n<p>Na stronie s\u0105 wypisane metody samoleczenia do samodzielnego stosowania bez konsultacji lekarskiej, b\u0119d\u0105ce t\u0142umaczeniem angloj\u0119zycznych porad lekarskich dotycz\u0105cych og\u00f3lnych zasad przestrzegania zdrowia, b\u0105d\u017a te\u017c opisem sukcesu jakie odnie\u015bli pacjenci i dziel\u0105 si\u0119 nim ze \u015bwiatem. Nikogo nie namawiamy do rezygnacji z oficjalnego leczenia. Porady opisane tutaj w \u017cadnym wypadku nie pr\u00f3buj\u0105 na\u015bladowa\u0107 konsultacji czy diagnozy lekarskiej, \u017cadn\u0105 miar\u0105 nie s\u0105 te\u017c porad\u0105 medyczn\u0105 sensu stricto. Stosujesz si\u0119 do nich na w\u0142asn\u0105 odpowiedzialno\u015b\u0107, gor\u0105co te\u017c zach\u0119cam do sprawdzania prawdziwo\u015bci ka\u017cdej informacji znalezionej w internecie oraz do pog\u0142\u0119biania swojej wiedzy.<\/p>\n\n\n\n<p>Zapraszam do lektury i \u017cycz\u0119 powodzenia!<\/p>\n","protected":false},"excerpt":{"rendered":"<p>D\u0142ugo zastanawia\u0142em si\u0119, czy tworzy\u0107 witryn\u0119 po\u015bwi\u0119con\u0105 AIDS. Nie jest to \u0142atwy temat. Zbyt mocno kojarzy si\u0119&nbsp;z oszo\u0142omstwem i teoriami spiskowymi, niewielu osobom te\u017c wiadomo\u015bci, kt\u00f3re tu przeka\u017c\u0119, pomog\u0105, bo i niewiele os\u00f3b zechce z nich skorzysta\u0107. Ale s\u0142ysza\u0142em o przynajmniej jednej, kt\u00f3rej witryna uratowa\u0142aby \u017cycie. Cz\u0142owiek, kt\u00f3ry zabi\u0142 si\u0119, pr\u00f3buj\u0105c przetestowa\u0107 na sobie niebezpieczne &#8230; <a title=\"AIDS\" class=\"read-more\" href=\"https:\/\/aids.naturalneleczenie.com.pl\/\" aria-label=\"Dowiedz si\u0119 wi\u0119cej o AIDS\">Dowiedz si\u0119 wi\u0119cej<\/a><\/p>\n","protected":false},"author":1,"featured_media":0,"parent":0,"menu_order":0,"comment_status":"closed","ping_status":"closed","template":"","meta":{"footnotes":""},"class_list":["post-5","page","type-page","status-publish"],"_links":{"self":[{"href":"https:\/\/aids.naturalneleczenie.com.pl\/index.php\/wp-json\/wp\/v2\/pages\/5","targetHints":{"allow":["GET"]}}],"collection":[{"href":"https:\/\/aids.naturalneleczenie.com.pl\/index.php\/wp-json\/wp\/v2\/pages"}],"about":[{"href":"https:\/\/aids.naturalneleczenie.com.pl\/index.php\/wp-json\/wp\/v2\/types\/page"}],"author":[{"embeddable":true,"href":"https:\/\/aids.naturalneleczenie.com.pl\/index.php\/wp-json\/wp\/v2\/users\/1"}],"replies":[{"embeddable":true,"href":"https:\/\/aids.naturalneleczenie.com.pl\/index.php\/wp-json\/wp\/v2\/comments?post=5"}],"version-history":[{"count":8,"href":"https:\/\/aids.naturalneleczenie.com.pl\/index.php\/wp-json\/wp\/v2\/pages\/5\/revisions"}],"predecessor-version":[{"id":88,"href":"https:\/\/aids.naturalneleczenie.com.pl\/index.php\/wp-json\/wp\/v2\/pages\/5\/revisions\/88"}],"wp:attachment":[{"href":"https:\/\/aids.naturalneleczenie.com.pl\/index.php\/wp-json\/wp\/v2\/media?parent=5"}],"curies":[{"name":"wp","href":"https:\/\/api.w.org\/{rel}","templated":true}]}}