{"id":7,"date":"2021-05-12T15:22:38","date_gmt":"2021-05-12T13:22:38","guid":{"rendered":"http:\/\/aids.naturalneleczenie.com.pl\/?page_id=7"},"modified":"2022-08-28T22:28:31","modified_gmt":"2022-08-28T20:28:31","slug":"czy-z-wersja-oficjalna-jest-cos-nie-tak","status":"publish","type":"page","link":"https:\/\/aids.naturalneleczenie.com.pl\/index.php\/czy-z-wersja-oficjalna-jest-cos-nie-tak\/","title":{"rendered":"Czy z wersj\u0105 oficjaln\u0105 jest co\u015b nie tak?"},"content":{"rendered":"\n<p>Na pocz\u0105tek warto przywo\u0142a\u0107 dwa nazwiska. Duesberg i Mullis. Je\u015bli jaki\u015b in\u017cynierek g\u00f3rnictwa obwieszcza \u015bwiatu, \u017ce wed\u0142ug niego medycyna nie jest do ko\u0144ca uczciwa, a mo\u017ce nawet k\u0142amie, mo\u017cna si\u0119&nbsp;co najwy\u017cej u\u015bmiechn\u0105\u0107 pod nosem. Je\u015bli jednak m\u00f3wi tak laureat Nagrody Nobla w medycynie, na dodatek nagrody za osi\u0105gni\u0119cie, kt\u00f3re mo\u017cna por\u00f3wna\u0107 do wynalezienia silnika parowego czy elektryczno\u015bci, a popiera go jeden z najwybitniejszych wirusolog\u00f3w jacy kiedykolwiek istnieli, cz\u0142owiek kt\u00f3ry zmapowa\u0142 onkogeny, warto si\u0119 nad tym przynajmniej chwil\u0119 zastanowi\u0107.<\/p>\n\n\n\n<p>Z czym wy\u017cej wymienieni panowie maj\u0105 problem? Wed\u0142ug nich, nauka o HIV i AIDS nie jest&#8230; nauk\u0105. Nie spe\u0142nia kryteri\u00f3w, kt\u00f3re oddzielaj\u0105 nauk\u0119 od propagandy. <\/p>\n\n\n\n<p>Nie wiem, czy mam prawo pr\u00f3bowa\u0107 oceni\u0107, kto ma racj\u0119. Swego czasu \u015bledzi\u0142em dyskusj\u0119 Duesberga z naukowcami, kt\u00f3rzy pr\u00f3bowali wykaza\u0107 b\u0142\u0119dy w jego rozumowaniu. Trzeba przyzna\u0107, \u017ce argumenty mia\u0142 bardzo mocne, a te podnoszone przez jego przeciwnik\u00f3w by\u0142y niekiedy \u017cenuj\u0105ce. <\/p>\n\n\n\n<p>Duesberg twierdzi\u0142 na przyk\u0142ad, \u017ce HIV\/AIDS w du\u017cej mierze jest wynikiem nadu\u017cywania narkotyk\u00f3w. Jego przeciwnicy wykonali badanie, z kt\u00f3rego wynika\u0142o, \u017ce odsetek chorych jest taki sam w\u015br\u00f3d u\u017cytkownik\u00f3w narkotyk\u00f3w jak i w\u015br\u00f3d tych, kt\u00f3rzy nie bior\u0105. I tutaj u inteligentnego cz\u0142owieka powinna zapali\u0107 si\u0119&nbsp;czerwona lampka&#8230; nie, wr\u00f3\u0107, powinna uruchomi\u0107 si\u0119 syrena alarmowa. Taki wynik jest niemo\u017cliwy do uzyskania! Przecie\u017c wirus przenosi si\u0119 g\u0142\u00f3wnie przez ig\u0142y, wi\u0119c w\u015br\u00f3d narkoman\u00f3w odsetek MUSI by\u0107 wy\u017cszy<\/p>\n\n\n\n<p>Co si\u0119 okaza\u0142o? Przeciwnicy Duesberga zbadali&#8230; u\u017cytkownik\u00f3w marihuany. Nie omieszka\u0142 tego wytkn\u0105\u0107. <\/p>\n\n\n\n<p>Faktem jest, \u017ce AIDS rozwija si\u0119 w du\u017cej mierze w\u015br\u00f3d os\u00f3b, kt\u00f3re z innych powod\u00f3w maj\u0105 ju\u017c bez wirusa bardzo mocno obni\u017con\u0105 odporno\u015b\u0107. Swego czasu szuka\u0142em przypadk\u00f3w, gdy choroba rozwin\u0119\u0142a si\u0119 u kogo\u015b, kto nie mia\u0142 kompletnie \u017cadnego innego czynnika mocno <a href=\"https:\/\/odpornosc.naturalneleczenie.com.pl\/\">os\u0142abiaj\u0105cego odporno\u015b\u0107<\/a>. Musia\u0142em si\u0119 naprawd\u0119 bardzo, bardzo d\u0142ugo naszuka\u0107. Nie jest to jednak \u017caden dow\u00f3d, bo i wirus przenosi si\u0119 g\u0142\u00f3wnie przez czynno\u015bci, kt\u00f3re prowadz\u0105 do silnego obni\u017cenia odporno\u015bci. \u015arodowiska homoseksualist\u00f3w w USA, kt\u00f3re s\u0105 dotkni\u0119te plag\u0105 infekcji, to jednocze\u015bnie \u015brodowiska dotkni\u0119te plag\u0105 nadu\u017cywania narkotyk\u00f3w. Wirus roznosi si\u0119 g\u0142\u00f3wnie w\u015br\u00f3d &#8222;rozrywkowej&#8221; podgrupy. Oznacza to, \u017ce hipoteza Duesberga mo\u017ce by\u0107\u00a0najzwyczajniej w \u015bwiecie nieuzasadniona. <\/p>\n\n\n\n<p>Problemem jest te\u017c fakt, \u017ce gdyby wirus zabi\u0142 nawet 90% limfocyt\u00f3w CD4, to w ci\u0105gu miesi\u0105ce ich poziom powinien wr\u00f3ci\u0107 do normy. Tak si\u0119&nbsp;dzieje, gdy gin\u0105 z jakiego\u015b innego powodu. Oznacza to, \u017ce nie jest prawdziwe twierdzenie &#8222;choroba polega na tym, \u017ce wirus zabija limfocyty&#8221;. One nie s\u0105 produkowane. <\/p>\n\n\n\n<p>Jak wspomnia\u0142em, nie mi ocenia\u0107, czy panowie Duesberg i Mullis maj\u0105&nbsp;racj\u0119. W Polsce nie mamy chyba nawet jednego naukowca tej klasy, co oni. <\/p>\n\n\n\n<p>I tu pojawia si\u0119 problem internetu. W internecie ka\u017cdy jest ekspertem. Domoros\u0142y bloger za\u0142o\u017cy blog &#8222;naukowy&#8221;, gdzie b\u0119dzie wyk\u0142\u00f3ca\u0142 si\u0119 z Duesbergiem i udowadnia\u0142, \u017ce tamten nie ma racji. Przypomina to &#8222;dyskusj\u0119&#8221; przedszkolaka z profesorem matematyki. Inne przedszkolaki mo\u017ce i b\u0119d\u0105 w stanie przyzna\u0107 racj\u0119&nbsp;swojemu koledze, ale to nie oznacza, \u017ce przedszkolak mia\u0142 lepsze argumenty.<\/p>\n\n\n\n<p>W \u015bwiecie alt-medu mamy dwie barykady. Na jednej stoj\u0105 ludzie, kt\u00f3rzy absolutnie bezkrytycznie przyjmuj\u0105 wszystkie &#8222;alternatywne&#8221; teorie i hipotezy. Na drugiej jednak nie mamy racjonalist\u00f3w. Mamy r\u00f3wnie g\u0142upich ludzi, kt\u00f3rzy absolutnie bezkrytycznie przyjm\u0105 wszystko, na co nakleimy znaczek &#8222;prawdziwa nauka&#8221;. Niewa\u017cne, \u017ce obok nauki nawet to nie sta\u0142o, oni i tak tego nie zrozumiej\u0105, nawet nie chc\u0105 zrozumie\u0107. <\/p>\n\n\n\n<p>Prawdziwy racjonalista powinien przyzna\u0107, \u017ce nie jest w stanie rozstrzygn\u0105\u0107 kt\u00f3ra strona konfliktu ma racj\u0119. Nie wtedy, gdy argumenty podnosi nie in\u017cynierek g\u00f3rnictwa, tylko laureat Nagrody Nobla i drugi naukowiec, kt\u00f3ry prawdopodobnie r\u00f3wnie\u017c by tak\u0105 nagrod\u0119 otrzyma\u0142, gdyby nie zacz\u0105\u0142 g\u0142osi\u0107 herezji. <\/p>\n\n\n\n<p>Trzeba te\u017c pami\u0119ta\u0107, \u017ce gdy pojawiaj\u0105 si\u0119&nbsp;prawdziwe pieni\u0105dze, etyka schodzi na dalszy plan, a perspektywa zysku z fa\u0142szowania bada\u0144 klinicznych mocno kusi. <\/p>\n\n\n\n<p>Co mo\u017cna powiedzie\u0107 o sytuacji, gdy z bada\u0144 prowadzonych w Afryce wynika, \u017ce niedo\u017cywienie nie ma \u017cadnego wp\u0142ywu na poziom limfocyt\u00f3w CD4, a jedyne, co uratuje tamtejsze dzieci, to podawanie im lek\u00f3w:<\/p>\n\n\n\n<p><a href=\"https:\/\/nutritionj.biomedcentral.com\/articles\/10.1186\/1475-2891-5-27\">https:\/\/nutritionj.biomedcentral.com\/articles\/10.1186\/1475-2891-5-27<\/a><\/p>\n\n\n\n<p>A jednocze\u015bnie w badaniu niedo\u017cywionych os\u00f3b w Europie wychodzi czarno na bia\u0142ym, \u017ce przy niedo\u017cywieniu poziom CD4 spada do poziomu jak przy bardzo mocno zaanwansowanym AIDS:<\/p>\n\n\n\n<p><a href=\"http:\/\/www.ncbi.nlm.nih.gov\/pubmed\/17584867\">http:\/\/www.ncbi.nlm.nih.gov\/pubmed\/17584867<\/a><\/p>\n\n\n\n<p>Nie mam teraz czasu (i wiedzy), by dok\u0142adnie analizowa\u0107 powy\u017csze badania, ale je\u015bli ich wyniki faktycznie s\u0105 sprzeczne, to oznacza, \u017ce jedno z nich jest zafa\u0142szowane, a nietrudno si\u0119\u00a0domy\u015ble\u0107, w kt\u00f3rym z nich fa\u0142szerstwo mog\u0142oby przynie\u015b\u0107 autorom zyski.<\/p>\n","protected":false},"excerpt":{"rendered":"<p>Na pocz\u0105tek warto przywo\u0142a\u0107 dwa nazwiska. Duesberg i Mullis. Je\u015bli jaki\u015b in\u017cynierek g\u00f3rnictwa obwieszcza \u015bwiatu, \u017ce wed\u0142ug niego medycyna nie jest do ko\u0144ca uczciwa, a mo\u017ce nawet k\u0142amie, mo\u017cna si\u0119&nbsp;co najwy\u017cej u\u015bmiechn\u0105\u0107 pod nosem. Je\u015bli jednak m\u00f3wi tak laureat Nagrody Nobla w medycynie, na dodatek nagrody za osi\u0105gni\u0119cie, kt\u00f3re mo\u017cna por\u00f3wna\u0107 do wynalezienia silnika parowego &#8230; <a title=\"Czy z wersj\u0105 oficjaln\u0105 jest co\u015b nie tak?\" class=\"read-more\" href=\"https:\/\/aids.naturalneleczenie.com.pl\/index.php\/czy-z-wersja-oficjalna-jest-cos-nie-tak\/\" aria-label=\"Dowiedz si\u0119 wi\u0119cej o Czy z wersj\u0105 oficjaln\u0105 jest co\u015b nie tak?\">Dowiedz si\u0119 wi\u0119cej<\/a><\/p>\n","protected":false},"author":1,"featured_media":0,"parent":0,"menu_order":0,"comment_status":"closed","ping_status":"closed","template":"","meta":{"footnotes":""},"class_list":["post-7","page","type-page","status-publish"],"_links":{"self":[{"href":"https:\/\/aids.naturalneleczenie.com.pl\/index.php\/wp-json\/wp\/v2\/pages\/7","targetHints":{"allow":["GET"]}}],"collection":[{"href":"https:\/\/aids.naturalneleczenie.com.pl\/index.php\/wp-json\/wp\/v2\/pages"}],"about":[{"href":"https:\/\/aids.naturalneleczenie.com.pl\/index.php\/wp-json\/wp\/v2\/types\/page"}],"author":[{"embeddable":true,"href":"https:\/\/aids.naturalneleczenie.com.pl\/index.php\/wp-json\/wp\/v2\/users\/1"}],"replies":[{"embeddable":true,"href":"https:\/\/aids.naturalneleczenie.com.pl\/index.php\/wp-json\/wp\/v2\/comments?post=7"}],"version-history":[{"count":9,"href":"https:\/\/aids.naturalneleczenie.com.pl\/index.php\/wp-json\/wp\/v2\/pages\/7\/revisions"}],"predecessor-version":[{"id":72,"href":"https:\/\/aids.naturalneleczenie.com.pl\/index.php\/wp-json\/wp\/v2\/pages\/7\/revisions\/72"}],"wp:attachment":[{"href":"https:\/\/aids.naturalneleczenie.com.pl\/index.php\/wp-json\/wp\/v2\/media?parent=7"}],"curies":[{"name":"wp","href":"https:\/\/api.w.org\/{rel}","templated":true}]}}